{"id":4345,"date":"2020-06-11T04:07:27","date_gmt":"2020-06-11T04:07:27","guid":{"rendered":"https:\/\/iluminacionesyservicios.com\/web\/?page_id=4345"},"modified":"2020-12-16T21:37:50","modified_gmt":"2020-12-16T21:37:50","slug":"equipos-y-herramientas","status":"publish","type":"page","link":"https:\/\/iluminacionesyservicios.com\/web\/equipos-y-herramientas\/","title":{"rendered":"Equipos y Herramientas"},"content":{"rendered":"<p>[et_pb_section fb_built=\u00bb1&#8243; _builder_version=\u00bb4.0.6&#8243; background_color=\u00bb#002959&#8243; min_height=\u00bb149px\u00bb custom_margin=\u00bb6px|||||\u00bb custom_padding=\u00bb35px|||||\u00bb][et_pb_row _builder_version=\u00bb4.0.6&#8243; custom_padding=\u00bb18px|||||\u00bb][et_pb_column type=\u00bb4_4&#8243; _builder_version=\u00bb4.0.6&#8243;][et_pb_text _builder_version=\u00bb4.0.6&#8243; background_layout=\u00bbdark\u00bb]<\/p>\n<p>IILUMINACIONES Y SERVICIOS S.A.S, Es un empresa creada por emprendedores que han querido ofertar al mercado de contratantes P\u00fablicos y Privados, una serie de equipos, herramientas, accesorios, tecnolog\u00eda, conocimiento , experiencia y competitividad a fin de intermediar actividades conexas con el sector de la Ingenier\u00eda El\u00e9ctrica y Electr\u00f3nica a precios que permitan la ejecuci\u00f3n de tareas en un contexto de alta calidad.<\/p>\n<p>ILUMINACIONES Y SERVICIOS S.A.S dispone de recurso humano, t\u00e9cnico,, log\u00edstico, operativo, administrativo y financiero para ayudar al cumplimiento y logro de sus objetivos, garantizando la utilidad razonable esperada.<\/p>\n<p>Disponemos de una sede operativa en el Municipio de Dosquebradas, personal t\u00e9cnico, equipos y herramientas, , cami\u00f3n, doble cabina, carro canasta &#8211; gr\u00faa de 4 toneladas, equipos de trabajo en alturas, entre otras<\/p>\n<p>[\/et_pb_text][\/et_pb_column][\/et_pb_row][et_pb_row column_structure=\u00bb1_4,1_4,1_4,1_4&#8243; use_custom_gutter=\u00bbon\u00bb gutter_width=\u00bb2&#8243; _builder_version=\u00bb4.0.6&#8243; use_background_color_gradient=\u00bbon\u00bb background_color_gradient_start=\u00bbrgba(43,135,218,0)\u00bb background_color_gradient_end=\u00bbrgba(224,43,32,0.5)\u00bb background_color_gradient_start_position=\u00bb70%\u00bb background_color_gradient_end_position=\u00bb41%\u00bb width=\u00bb100%\u00bb max_width=\u00bb100%\u00bb custom_padding=\u00bb|50px||50px|false|true\u00bb][et_pb_column type=\u00bb1_4&#8243; _builder_version=\u00bb4.0.6&#8243;][et_pb_image src=\u00bbhttps:\/\/iluminacionesyservicios.com\/web\/wp-content\/uploads\/2020\/12\/equipos-y-herramientas-01.jpg\u00bb _builder_version=\u00bb4.0.6&#8243; hover_enabled=\u00bb0&#8243;][\/et_pb_image][\/et_pb_column][et_pb_column type=\u00bb1_4&#8243; _builder_version=\u00bb4.0.6&#8243;][et_pb_image src=\u00bbhttps:\/\/iluminacionesyservicios.com\/web\/wp-content\/uploads\/2020\/12\/equipos-y-herramientas-03.jpg\u00bb _builder_version=\u00bb4.0.6&#8243; hover_enabled=\u00bb0&#8243;][\/et_pb_image][\/et_pb_column][et_pb_column type=\u00bb1_4&#8243; _builder_version=\u00bb4.0.6&#8243;][et_pb_image src=\u00bbhttps:\/\/iluminacionesyservicios.com\/web\/wp-content\/uploads\/2020\/12\/equipos-y-herramientas-05.jpg\u00bb _builder_version=\u00bb4.0.6&#8243; hover_enabled=\u00bb0&#8243;][\/et_pb_image][\/et_pb_column][et_pb_column type=\u00bb1_4&#8243; _builder_version=\u00bb4.0.6&#8243;][et_pb_image src=\u00bbhttps:\/\/iluminacionesyservicios.com\/web\/wp-content\/uploads\/2020\/12\/equipos-y-herramientas-06.jpg\u00bb _builder_version=\u00bb4.0.6&#8243; hover_enabled=\u00bb0&#8243;][\/et_pb_image][\/et_pb_column][\/et_pb_row][\/et_pb_section][et_pb_section fb_built=\u00bb1&#8243; _builder_version=\u00bb4.0.6&#8243; background_color=\u00bb#002959&#8243; min_height=\u00bb149px\u00bb custom_margin=\u00bb6px|||||\u00bb custom_padding=\u00bb35px|||||\u00bb][et_pb_row _builder_version=\u00bb4.0.6&#8243; custom_padding=\u00bb18px|||||\u00bb][et_pb_column type=\u00bb4_4&#8243; _builder_version=\u00bb4.0.6&#8243;][et_pb_text _builder_version=\u00bb4.0.6&#8243; background_layout=\u00bbdark\u00bb]<\/p>\n<p>IILUMINACIONES Y SERVICIOS S.A.S, Es un empresa creada por emprendedores que han querido ofertar al mercado de contratantes P\u00fablicos y Privados, una serie de equipos, herramientas, accesorios, tecnolog\u00eda, conocimiento , experiencia y competitividad a fin de intermediar actividades conexas con el sector de la Ingenier\u00eda El\u00e9ctrica y Electr\u00f3nica a precios que permitan la ejecuci\u00f3n de tareas en un contexto de alta calidad.<\/p>\n<p>ILUMINACIONES Y SERVICIOS S.A.S dispone de recurso humano, t\u00e9cnico,, log\u00edstico, operativo, administrativo y financiero para ayudar al cumplimiento y logro de sus objetivos, garantizando la utilidad razonable esperada.<\/p>\n<p>Disponemos de una sede operativa en el Municipio de Dosquebradas, personal t\u00e9cnico, equipos y herramientas, , cami\u00f3n, doble cabina, carro canasta &#8211; gr\u00faa de 4 toneladas, equipos de trabajo en alturas, entre otras<\/p>\n<p>[\/et_pb_text][\/et_pb_column][\/et_pb_row][et_pb_row column_structure=\u00bb1_4,1_4,1_4,1_4&#8243; use_custom_gutter=\u00bbon\u00bb gutter_width=\u00bb2&#8243; _builder_version=\u00bb4.0.6&#8243; use_background_color_gradient=\u00bbon\u00bb background_color_gradient_start=\u00bbrgba(43,135,218,0)\u00bb background_color_gradient_end=\u00bbrgba(224,43,32,0.5)\u00bb background_color_gradient_start_position=\u00bb70%\u00bb background_color_gradient_end_position=\u00bb41%\u00bb width=\u00bb100%\u00bb max_width=\u00bb100%\u00bb custom_padding=\u00bb|50px||50px|false|true\u00bb hover_enabled=\u00bb0&#8243;][et_pb_column type=\u00bb1_4&#8243; _builder_version=\u00bb4.0.6&#8243;][et_pb_image src=\u00bbhttps:\/\/iluminacionesyservicios.com\/web\/wp-content\/uploads\/2020\/12\/equipos-y-herramientas-11.jpg\u00bb _builder_version=\u00bb4.0.6&#8243; hover_enabled=\u00bb0&#8243;][\/et_pb_image][\/et_pb_column][et_pb_column type=\u00bb1_4&#8243; _builder_version=\u00bb4.0.6&#8243;][et_pb_image src=\u00bbhttps:\/\/iluminacionesyservicios.com\/web\/wp-content\/uploads\/2020\/12\/equipos-y-herramientas-10.jpg\u00bb _builder_version=\u00bb4.0.6&#8243; hover_enabled=\u00bb0&#8243;][\/et_pb_image][\/et_pb_column][et_pb_column type=\u00bb1_4&#8243; _builder_version=\u00bb4.0.6&#8243;][et_pb_image src=\u00bbhttps:\/\/iluminacionesyservicios.com\/web\/wp-content\/uploads\/2020\/12\/equipos-y-herramientas-09.jpg\u00bb _builder_version=\u00bb4.0.6&#8243; hover_enabled=\u00bb0&#8243;][\/et_pb_image][\/et_pb_column][et_pb_column type=\u00bb1_4&#8243; _builder_version=\u00bb4.0.6&#8243;][et_pb_image src=\u00bbhttps:\/\/iluminacionesyservicios.com\/web\/wp-content\/uploads\/2020\/12\/equipos-y-herramientas-08.jpg\u00bb _builder_version=\u00bb4.0.6&#8243; hover_enabled=\u00bb0&#8243;][\/et_pb_image][\/et_pb_column][\/et_pb_row][\/et_pb_section]<\/p>\n","protected":false},"excerpt":{"rendered":"<p>IILUMINACIONES Y SERVICIOS S.A.S, Es un empresa creada por emprendedores que han querido ofertar al mercado de contratantes P\u00fablicos y Privados, una serie de equipos, herramientas, accesorios, tecnolog\u00eda, conocimiento , experiencia y competitividad a fin de intermediar actividades conexas con el sector de la Ingenier\u00eda El\u00e9ctrica y Electr\u00f3nica a precios que permitan la ejecuci\u00f3n de [&hellip;]<\/p>\n","protected":false},"author":1,"featured_media":0,"parent":0,"menu_order":0,"comment_status":"closed","ping_status":"closed","template":"","meta":{"_et_pb_use_builder":"on","_et_pb_old_content":"","_et_gb_content_width":"","_joinchat":[],"footnotes":""},"class_list":["post-4345","page","type-page","status-publish","hentry"],"_links":{"self":[{"href":"https:\/\/iluminacionesyservicios.com\/web\/wp-json\/wp\/v2\/pages\/4345","targetHints":{"allow":["GET"]}}],"collection":[{"href":"https:\/\/iluminacionesyservicios.com\/web\/wp-json\/wp\/v2\/pages"}],"about":[{"href":"https:\/\/iluminacionesyservicios.com\/web\/wp-json\/wp\/v2\/types\/page"}],"author":[{"embeddable":true,"href":"https:\/\/iluminacionesyservicios.com\/web\/wp-json\/wp\/v2\/users\/1"}],"replies":[{"embeddable":true,"href":"https:\/\/iluminacionesyservicios.com\/web\/wp-json\/wp\/v2\/comments?post=4345"}],"version-history":[{"count":8,"href":"https:\/\/iluminacionesyservicios.com\/web\/wp-json\/wp\/v2\/pages\/4345\/revisions"}],"predecessor-version":[{"id":5227,"href":"https:\/\/iluminacionesyservicios.com\/web\/wp-json\/wp\/v2\/pages\/4345\/revisions\/5227"}],"wp:attachment":[{"href":"https:\/\/iluminacionesyservicios.com\/web\/wp-json\/wp\/v2\/media?parent=4345"}],"curies":[{"name":"wp","href":"https:\/\/api.w.org\/{rel}","templated":true}]}}