{"id":4263,"date":"2020-06-10T23:34:27","date_gmt":"2020-06-10T23:34:27","guid":{"rendered":"https:\/\/iluminacionesyservicios.com\/web\/?page_id=4263"},"modified":"2024-01-29T15:45:12","modified_gmt":"2024-01-29T15:45:12","slug":"alumbrado-navideno","status":"publish","type":"page","link":"https:\/\/iluminacionesyservicios.com\/web\/alumbrado-navideno\/","title":{"rendered":"Alumbrados Navide\u00f1o"},"content":{"rendered":"<p>[et_pb_section fb_built=\u00bb1&#8243; admin_label=\u00bbProjects\u00bb _builder_version=\u00bb4.0.6&#8243; background_color=\u00bb#002959&#8243; custom_padding=\u00bb5px||12px|||\u00bb][et_pb_row _builder_version=\u00bb3.25&#8243; background_size=\u00bbinitial\u00bb background_position=\u00bbtop_left\u00bb background_repeat=\u00bbrepeat\u00bb custom_margin=\u00bb|auto|-6px|auto||\u00bb custom_padding=\u00bb39px|0px|14px|0px||\u00bb custom_width_px=\u00bb710px\u00bb][et_pb_column type=\u00bb4_4&#8243; _builder_version=\u00bb3.25&#8243; background_position=\u00bbtop_left\u00bb custom_padding=\u00bb|||\u00bb custom_padding__hover=\u00bb|||\u00bb][et_pb_divider color=\u00bb#4e5ed0&#8243; divider_weight=\u00bb3px\u00bb disabled_on=\u00bboff|off|off\u00bb _builder_version=\u00bb3.2&#8243; background_color_gradient_direction=\u00bb90deg\u00bb max_width=\u00bb100px\u00bb module_alignment=\u00bbcenter\u00bb height=\u00bb5px\u00bb custom_margin=\u00bb||20px|\u00bb custom_padding=\u00bb||20px|\u00bb animation_style=\u00bbslide\u00bb animation_direction=\u00bbbottom\u00bb saved_tabs=\u00bball\u00bb locked=\u00bboff\u00bb][\/et_pb_divider][et_pb_text admin_label=\u00bbTexto\u00bb _builder_version=\u00bb4.0.6&#8243; text_font_size=\u00bb16px\u00bb text_line_height=\u00bb1.9em\u00bb background_size=\u00bbinitial\u00bb background_position=\u00bbtop_left\u00bb background_repeat=\u00bbrepeat\u00bb background_layout=\u00bbdark\u00bb max_width=\u00bb1032px\u00bb module_alignment=\u00bbcenter\u00bb custom_margin=\u00bb-9px|||128px||\u00bb custom_padding=\u00bb|0px||||\u00bb animation_style=\u00bbfold\u00bb animation_direction=\u00bbbottom\u00bb animation_intensity_fold=\u00bb20%\u00bb]<\/p>\n<article class=\"art-post\">\n<div class=\"art-postcontent clearfix\">\n<div class=\"art-article\">\n<p style=\"text-align: justify;\">ILUMINACIONES Y SERVICIOS SAS. con una amplia trayectoria en el campo de los Alumbrados Navide\u00f1os, reconocidos en diferentes zonas del pa\u00eds por la participaci\u00f3n directa e indirecta en el dise\u00f1o, fabricaci\u00f3n, alquiler, montaje y desmonte de decoraci\u00f3n navide\u00f1as en distintas localidades, en especial, la regi\u00f3n del eje cafetero con mayor participaci\u00f3n en Pereira, Manizales, Dosquebradas y algunos municipios del Quind\u00edo y Norte del Valle.<\/p>\n<p style=\"text-align: justify;\">Contamos con toda la infraestructura, log\u00edstica, capacidad, conocimiento, experiencia y alto sentido de responsabilidad, razones que consideramos de gran importancia para confiar en nosotros. Ahora aplicando los nuevos desarrollos en tecnolog\u00eda de luces, estamos incursionando en venta de elementos de alta calidad y figuras decorativas, entre otras. Para estas actividades disponemos de los materiales con los m\u00e1s altos est\u00e1ndares a nivel Nacional e Internacional, al igual que con un personal altamente capacitado, honesto, confiable y responsable<\/p>\n<\/div>\n<\/div>\n<\/article>\n<p>[\/et_pb_text][\/et_pb_column][\/et_pb_row][\/et_pb_section][et_pb_section fb_built=\u00bb1&#8243; admin_label=\u00bbProjects\u00bb _builder_version=\u00bb4.0.6&#8243; background_color=\u00bb#1a0052&#8243; use_background_color_gradient=\u00bbon\u00bb background_color_gradient_start=\u00bbrgba(0,0,0,0.72)\u00bb background_color_gradient_end=\u00bbrgba(12,12,12,0.64)\u00bb background_image=\u00bbhttps:\/\/iluminacionesyservicios.com\/web\/wp-content\/uploads\/2020\/06\/ALUMBRADOS-2013-PRIVADOS-2.jpg\u00bb background_size=\u00bbcontain\u00bb background_position=\u00bbtop_center\u00bb background_repeat=\u00bbround\u00bb background_blend=\u00bbmultiply\u00bb custom_padding=\u00bb5px||0px|||\u00bb][et_pb_row column_structure=\u00bb1_2,1_2&#8243; _builder_version=\u00bb3.25&#8243; background_size=\u00bbinitial\u00bb background_position=\u00bbtop_left\u00bb background_repeat=\u00bbrepeat\u00bb custom_padding=\u00bb45px|||\u00bb locked=\u00bboff\u00bb][et_pb_column type=\u00bb1_2&#8243; _builder_version=\u00bb3.25&#8243; custom_padding=\u00bb|||\u00bb custom_padding__hover=\u00bb|||\u00bb][et_pb_blurb url=\u00bb#\u00bb admin_label=\u00bbProject\u00bb _builder_version=\u00bb4.0.6&#8243; header_font=\u00bbMontserrat||||\u00bb header_font_size=\u00bb24px\u00bb header_line_height=\u00bb1.3em\u00bb body_font_size=\u00bb16px\u00bb body_line_height=\u00bb1.8em\u00bb background_size=\u00bbinitial\u00bb background_position=\u00bbtop_left\u00bb background_repeat=\u00bbrepeat\u00bb background_layout=\u00bbdark\u00bb custom_margin=\u00bb||-4px|||\u00bb animation_style=\u00bbfold\u00bb animation_direction=\u00bbbottom\u00bb animation_intensity_fold=\u00bb10%\u00bb]<\/p>\n<ul>\n<li>Elaboraci\u00f3n de proyectos para entidades p\u00fablicas y privadas<\/li>\n<li>Presentaci\u00f3n de dise\u00f1os art\u00edsticos y visuales navide\u00f1os<\/li>\n<li>Dise\u00f1os Navide\u00f1os<\/li>\n<li>Construcci\u00f3n de Motivos Navide\u00f1os<\/li>\n<li>Desarrollo y Coordinaci\u00f3n de Proyectos<\/li>\n<\/ul>\n<p>[\/et_pb_blurb][\/et_pb_column][et_pb_column type=\u00bb1_2&#8243; _builder_version=\u00bb3.25&#8243; custom_padding=\u00bb|||\u00bb custom_padding__hover=\u00bb|||\u00bb][et_pb_blurb url=\u00bb#\u00bb admin_label=\u00bbProject\u00bb _builder_version=\u00bb4.0.6&#8243; header_font=\u00bbMontserrat||||\u00bb header_font_size=\u00bb24px\u00bb header_line_height=\u00bb1.3em\u00bb body_font_size=\u00bb16px\u00bb body_line_height=\u00bb1.8em\u00bb background_size=\u00bbinitial\u00bb background_position=\u00bbtop_left\u00bb background_repeat=\u00bbrepeat\u00bb background_layout=\u00bbdark\u00bb animation_style=\u00bbfold\u00bb animation_direction=\u00bbbottom\u00bb animation_delay=\u00bb100ms\u00bb animation_intensity_fold=\u00bb10%\u00bb locked=\u00bboff\u00bb]<\/p>\n<ul>\n<li>Montajes, Mantenimientos y Desmonte<\/li>\n<li>Suministro de Luces<\/li>\n<li>Comercializaci\u00f3n de Motivos<\/li>\n<li>Asesorias e interventorias navide\u00f1a<\/li>\n<\/ul>\n<p>[\/et_pb_blurb][\/et_pb_column][\/et_pb_row][et_pb_row _builder_version=\u00bb4.0.6&#8243; custom_margin=\u00bb-19px|auto||auto||\u00bb][et_pb_column type=\u00bb4_4&#8243; _builder_version=\u00bb4.0.6&#8243;][et_pb_text _builder_version=\u00bb4.0.6&#8243; background_layout=\u00bbdark\u00bb]<\/p>\n<ul>\n<li>En la instalaci\u00f3n de Motivos Navide\u00f1os los t\u00e9cnicos deben tener f\u00e1cil acceso a los lugares en donde se instalan las figuras<\/li>\n<li>El cliente suministrar\u00e1 los puntos el\u00e9ctricos necesarios para las instalaciones respectivas<\/li>\n<li>Se acordar\u00e1 por parte de nuestra empresa los horarios de entrada y salida de nuestros t\u00e9cnicos, en los sitos donde el cliente disponga la instalaci\u00f3n de las figuras navide\u00f1as<\/li>\n<li>El cliente debe designar una persona encargada para la coordinaci\u00f3n con nuestros t\u00e9cnicos de la parte log\u00edstica<\/li>\n<\/ul>\n<p>[\/et_pb_text][\/et_pb_column][\/et_pb_row][et_pb_row _builder_version=\u00bb4.0.6&#8243; background_color=\u00bbrgba(224,43,32,0.73)\u00bb width=\u00bb100%\u00bb max_width=\u00bb100%\u00bb][et_pb_column type=\u00bb4_4&#8243; _builder_version=\u00bb4.0.6&#8243;][et_pb_text _builder_version=\u00bb4.0.6&#8243; text_font_size=\u00bb24px\u00bb text_line_height=\u00bb0.4em\u00bb text_orientation=\u00bbcenter\u00bb background_layout=\u00bbdark\u00bb]<\/p>\n<p>Arme la decoraci\u00f3n Navide\u00f1a de su Municipio, Centro Comercial, Edificio \u00f3 Conjunto con la gran<\/p>\n<p>variedad de motivos y luces de nuestro inventario<\/p>\n<p>[\/et_pb_text][\/et_pb_column][\/et_pb_row][\/et_pb_section][et_pb_section fb_built=\u00bb1&#8243; _builder_version=\u00bb4.0.6&#8243; background_color=\u00bb#002959&#8243; min_height=\u00bb149px\u00bb custom_margin=\u00bb31px||-3px|||\u00bb custom_padding=\u00bb38px|||||\u00bb][et_pb_row _builder_version=\u00bb4.0.6&#8243; custom_padding=\u00bb18px|||||\u00bb][et_pb_column type=\u00bb4_4&#8243; _builder_version=\u00bb4.0.6&#8243;][et_pb_text _builder_version=\u00bb4.0.6&#8243; text_orientation=\u00bbcenter\u00bb background_layout=\u00bbdark\u00bb]<\/p>\n<h3>Somos una empresa con una amplia experiencia y profesionalismo en el campo de la decoraci\u00f3n Navide\u00f1a y Arquitectonica<\/h3>\n<p>[\/et_pb_text][\/et_pb_column][\/et_pb_row][et_pb_row column_structure=\u00bb1_4,1_4,1_4,1_4&#8243; use_custom_gutter=\u00bbon\u00bb gutter_width=\u00bb2&#8243; _builder_version=\u00bb4.0.6&#8243; use_background_color_gradient=\u00bbon\u00bb background_color_gradient_start=\u00bbrgba(43,135,218,0)\u00bb background_color_gradient_end=\u00bbrgba(224,43,32,0.5)\u00bb background_color_gradient_start_position=\u00bb70%\u00bb background_color_gradient_end_position=\u00bb41%\u00bb width=\u00bb100%\u00bb max_width=\u00bb100%\u00bb custom_padding=\u00bb|50px||50px|false|true\u00bb][et_pb_column type=\u00bb1_4&#8243; _builder_version=\u00bb4.0.6&#8243;][et_pb_text _builder_version=\u00bb4.0.6&#8243; text_font=\u00bbAllerta Stencil|700|on|on|||||\u00bb text_text_color=\u00bb#edf000&#8243; text_orientation=\u00bbcenter\u00bb background_layout=\u00bbdark\u00bb]<\/p>\n<p style=\"text-align: center;\">desarrollamos los proyectos<br \/>\nNavide\u00f1os de su mano<\/p>\n<p>[\/et_pb_text][et_pb_image src=\u00bbhttps:\/\/iluminacionesyservicios.com\/web\/wp-content\/uploads\/2020\/06\/ALUMBRADOS-2013-PRIVADOS-1.jpg\u00bb _builder_version=\u00bb4.0.6&#8243;][\/et_pb_image][\/et_pb_column][et_pb_column type=\u00bb1_4&#8243; _builder_version=\u00bb4.0.6&#8243;][et_pb_image src=\u00bbhttps:\/\/iluminacionesyservicios.com\/web\/wp-content\/uploads\/2020\/06\/15Sancancio.jpg\u00bb _builder_version=\u00bb4.0.6&#8243;][\/et_pb_image][\/et_pb_column][et_pb_column type=\u00bb1_4&#8243; _builder_version=\u00bb4.0.6&#8243;][et_pb_text _builder_version=\u00bb4.0.6&#8243; text_font=\u00bbAllerta Stencil|700|on|on|||||\u00bb text_text_color=\u00bb#edf000&#8243; text_orientation=\u00bbcenter\u00bb background_layout=\u00bbdark\u00bb custom_padding=\u00bb16px||15px|||\u00bb]<\/p>\n<p style=\"text-align: center;\">Llevamos sus ideas a la realidad<\/p>\n<p>[\/et_pb_text][et_pb_image src=\u00bbhttps:\/\/iluminacionesyservicios.com\/web\/wp-content\/uploads\/2020\/06\/UnicentroArmenia11.jpg\u00bb _builder_version=\u00bb4.0.6&#8243;][\/et_pb_image][\/et_pb_column][et_pb_column type=\u00bb1_4&#8243; _builder_version=\u00bb4.0.6&#8243;][et_pb_image src=\u00bbhttps:\/\/iluminacionesyservicios.com\/web\/wp-content\/uploads\/2020\/06\/17PALMIRA.jpg\u00bb _builder_version=\u00bb4.0.6&#8243;][\/et_pb_image][\/et_pb_column][\/et_pb_row][\/et_pb_section][et_pb_section fb_built=\u00bb1&#8243; _builder_version=\u00bb4.0.6&#8243; background_color=\u00bb#002959&#8243; min_height=\u00bb149px\u00bb custom_margin=\u00bb6px|||||\u00bb custom_padding=\u00bb35px|||||\u00bb][et_pb_row _builder_version=\u00bb4.0.6&#8243; custom_padding=\u00bb18px|||||\u00bb][et_pb_column type=\u00bb4_4&#8243; _builder_version=\u00bb4.0.6&#8243;][et_pb_text _builder_version=\u00bb4.0.6&#8243; text_orientation=\u00bbcenter\u00bb background_layout=\u00bbdark\u00bb]<\/p>\n<h2>Cu\u00e9ntenos su idea nosotros hacemos el resto<\/h2>\n<p>[\/et_pb_text][\/et_pb_column][\/et_pb_row][et_pb_row column_structure=\u00bb1_5,3_5,1_5&#8243; _builder_version=\u00bb4.0.6&#8243; width=\u00bb100%\u00bb max_width=\u00bb90%\u00bb][et_pb_column type=\u00bb1_5&#8243; _builder_version=\u00bb4.0.6&#8243;][et_pb_divider _builder_version=\u00bb4.0.6&#8243; custom_margin=\u00bb70px||70px||true|false\u00bb][\/et_pb_divider][et_pb_text _builder_version=\u00bb4.0.6&#8243; text_orientation=\u00bbcenter\u00bb background_layout=\u00bbdark\u00bb]<\/p>\n<p style=\"text-align: center;\">contamos con un excelente grupo de profesionales<\/p>\n<p>[\/et_pb_text][\/et_pb_column][et_pb_column type=\u00bb3_5&#8243; _builder_version=\u00bb4.0.6&#8243;][et_pb_slider _builder_version=\u00bb4.0.6&#8243; custom_padding=\u00bb||208px|||\u00bb hover_enabled=\u00bb0&#8243; auto=\u00bbon\u00bb][et_pb_slide _builder_version=\u00bb4.0.6&#8243; background_color=\u00bb#0c71c3&#8243; background_enable_color=\u00bbon\u00bb background_image=\u00bbhttps:\/\/iluminacionesyservicios.com\/web\/wp-content\/uploads\/2020\/08\/banner-2020-iluminaciones-y-servicios.jpg\u00bb background_enable_image=\u00bbon\u00bb hover_enabled=\u00bb0&#8243;][\/et_pb_slide][et_pb_slide _builder_version=\u00bb4.0.6&#8243; background_color=\u00bb#0c71c3&#8243; background_enable_color=\u00bbon\u00bb background_image=\u00bbhttps:\/\/iluminacionesyservicios.com\/web\/wp-content\/uploads\/2020\/06\/63.jpg\u00bb background_enable_image=\u00bbon\u00bb hover_enabled=\u00bb0&#8243;][\/et_pb_slide][et_pb_slide _builder_version=\u00bb4.0.6&#8243; background_color=\u00bb#0c71c3&#8243; background_enable_color=\u00bbon\u00bb background_image=\u00bbhttps:\/\/iluminacionesyservicios.com\/web\/wp-content\/uploads\/2020\/06\/alumbrado-navideno-2.jpg\u00bb background_enable_image=\u00bbon\u00bb hover_enabled=\u00bb0&#8243;][\/et_pb_slide][\/et_pb_slider][\/et_pb_column][et_pb_column type=\u00bb1_5&#8243; _builder_version=\u00bb4.0.6&#8243;][et_pb_text _builder_version=\u00bb4.0.6&#8243; text_orientation=\u00bbcenter\u00bb background_layout=\u00bbdark\u00bb]<\/p>\n<p style=\"text-align: center;\">tenemos un amplio inventario de motivos y luces<\/p>\n<p>[\/et_pb_text][\/et_pb_column][\/et_pb_row][et_pb_row column_structure=\u00bb1_4,1_4,1_4,1_4&#8243; use_custom_gutter=\u00bbon\u00bb gutter_width=\u00bb2&#8243; _builder_version=\u00bb4.0.6&#8243; use_background_color_gradient=\u00bbon\u00bb background_color_gradient_start=\u00bbrgba(43,135,218,0)\u00bb background_color_gradient_end=\u00bbrgba(224,43,32,0.5)\u00bb background_color_gradient_start_position=\u00bb70%\u00bb background_color_gradient_end_position=\u00bb41%\u00bb width=\u00bb100%\u00bb max_width=\u00bb100%\u00bb custom_padding=\u00bb|50px||50px|false|true\u00bb][et_pb_column type=\u00bb1_4&#8243; _builder_version=\u00bb4.0.6&#8243;][et_pb_image src=\u00bbhttps:\/\/iluminacionesyservicios.com\/web\/wp-content\/uploads\/2020\/06\/8PALMIRA.jpg\u00bb _builder_version=\u00bb4.0.6&#8243;][\/et_pb_image][\/et_pb_column][et_pb_column type=\u00bb1_4&#8243; _builder_version=\u00bb4.0.6&#8243;][et_pb_image src=\u00bbhttps:\/\/iluminacionesyservicios.com\/web\/wp-content\/uploads\/2020\/06\/42Sancancio.jpg\u00bb _builder_version=\u00bb4.0.6&#8243;][\/et_pb_image][\/et_pb_column][et_pb_column type=\u00bb1_4&#8243; _builder_version=\u00bb4.0.6&#8243;][et_pb_image src=\u00bbhttps:\/\/iluminacionesyservicios.com\/web\/wp-content\/uploads\/2020\/06\/UnicentroArmenia3.jpg\u00bb _builder_version=\u00bb4.0.6&#8243;][\/et_pb_image][\/et_pb_column][et_pb_column type=\u00bb1_4&#8243; _builder_version=\u00bb4.0.6&#8243;][et_pb_image src=\u00bbhttps:\/\/iluminacionesyservicios.com\/web\/wp-content\/uploads\/2020\/06\/14-1.jpg\u00bb _builder_version=\u00bb4.0.6&#8243;][\/et_pb_image][\/et_pb_column][\/et_pb_row][\/et_pb_section][et_pb_section fb_built=\u00bb1&#8243; _builder_version=\u00bb4.0.6&#8243; background_color=\u00bb#002959&#8243; min_height=\u00bb149px\u00bb custom_margin=\u00bb6px|||||\u00bb custom_padding=\u00bb35px|||||\u00bb][et_pb_row _builder_version=\u00bb4.0.6&#8243; custom_padding=\u00bb18px|||||\u00bb][et_pb_column type=\u00bb4_4&#8243; _builder_version=\u00bb4.0.6&#8243;][et_pb_text _builder_version=\u00bb4.0.6&#8243; background_layout=\u00bbdark\u00bb]<\/p>\n<ul>\n<li style=\"text-align: left;\">En la instalaci\u00f3n de los Motivos Navide\u00f1os los t\u00e9cnicos deben tener f\u00e1cil acceso a los lugares en donde se instalaran las figuras.<\/li>\n<li style=\"text-align: left;\">El Cliente suministrara los puntos el\u00e9ctricos necesarios para las instalaciones respectivas.<\/li>\n<li style=\"text-align: left;\">Se acordara por parte de nuestra empresa los horarios de entrada y salida de nuestros t\u00e9cnicos, en los sitios donde el cliente disponga la instalaci\u00f3n de las figuras navide\u00f1as.<\/li>\n<li style=\"text-align: left;\">El cliente debe designar una persona encargada para la coordinaci\u00f3n con nuestros t\u00e9cnicos de la parte log\u00edstica.<\/li>\n<\/ul>\n<p>[\/et_pb_text][\/et_pb_column][\/et_pb_row][et_pb_row column_structure=\u00bb1_4,1_4,1_4,1_4&#8243; use_custom_gutter=\u00bbon\u00bb gutter_width=\u00bb2&#8243; _builder_version=\u00bb4.0.6&#8243; use_background_color_gradient=\u00bbon\u00bb background_color_gradient_start=\u00bbrgba(43,135,218,0)\u00bb background_color_gradient_end=\u00bbrgba(224,43,32,0.5)\u00bb background_color_gradient_start_position=\u00bb70%\u00bb background_color_gradient_end_position=\u00bb41%\u00bb width=\u00bb100%\u00bb max_width=\u00bb100%\u00bb custom_padding=\u00bb|50px||50px|false|true\u00bb][et_pb_column type=\u00bb1_4&#8243; _builder_version=\u00bb4.0.6&#8243;][et_pb_image src=\u00bbhttps:\/\/iluminacionesyservicios.com\/web\/wp-content\/uploads\/2020\/06\/ALUMBRADOS-2008-PUBLICOS-02.jpg\u00bb _builder_version=\u00bb4.0.6&#8243;][\/et_pb_image][\/et_pb_column][et_pb_column type=\u00bb1_4&#8243; _builder_version=\u00bb4.0.6&#8243;][et_pb_image src=\u00bbhttps:\/\/iluminacionesyservicios.com\/web\/wp-content\/uploads\/2020\/06\/ALUMBRADOS-2010-PUBLICOS-04.jpg\u00bb _builder_version=\u00bb4.0.6&#8243;][\/et_pb_image][\/et_pb_column][et_pb_column type=\u00bb1_4&#8243; _builder_version=\u00bb4.0.6&#8243;][et_pb_image src=\u00bbhttps:\/\/iluminacionesyservicios.com\/web\/wp-content\/uploads\/2020\/06\/ALUMBRADOS-2010-PUBLICOS-10.jpg\u00bb _builder_version=\u00bb4.0.6&#8243;][\/et_pb_image][\/et_pb_column][et_pb_column type=\u00bb1_4&#8243; _builder_version=\u00bb4.0.6&#8243;][et_pb_image src=\u00bbhttps:\/\/iluminacionesyservicios.com\/web\/wp-content\/uploads\/2020\/06\/118.jpg\u00bb _builder_version=\u00bb4.0.6&#8243;][\/et_pb_image][\/et_pb_column][\/et_pb_row][\/et_pb_section][et_pb_section fb_built=\u00bb1&#8243; _builder_version=\u00bb4.0.6&#8243; background_color=\u00bb#002959&#8243; min_height=\u00bb149px\u00bb custom_margin=\u00bb6px|||||\u00bb custom_padding=\u00bb35px|||||\u00bb][et_pb_row _builder_version=\u00bb4.0.6&#8243; custom_padding=\u00bb18px|||||\u00bb][et_pb_column type=\u00bb4_4&#8243; _builder_version=\u00bb4.0.6&#8243;][et_pb_text _builder_version=\u00bb4.0.6&#8243; text_text_color=\u00bb#e02b20&#8243; text_font_size=\u00bb17px\u00bb]<\/p>\n<p style=\"text-align: center;\"><strong>CONTRATACI\u00d3N<\/strong><\/p>\n<p>[\/et_pb_text][et_pb_text _builder_version=\u00bb4.0.6&#8243; background_layout=\u00bbdark\u00bb]<\/p>\n<ul>\n<li style=\"text-align: left;\">Entrevista con el encargado de las contrataciones.<\/li>\n<li style=\"text-align: left;\">Objeto y alcance de lo que se quiere contratar.<\/li>\n<li style=\"text-align: left;\">Toma de fotograf\u00edas y medidas de las \u00e1reas a decorar o intervenir. Elaboraci\u00f3n de dise\u00f1os, fotomontajes y cotizaciones.<\/li>\n<li style=\"text-align: left;\">Presentaci\u00f3n del anteproyecto para su valoraci\u00f3n, ajustes y\/o aprobaci\u00f3n.<\/li>\n<\/ul>\n<p>[\/et_pb_text][\/et_pb_column][\/et_pb_row][et_pb_row column_structure=\u00bb1_4,1_4,1_4,1_4&#8243; use_custom_gutter=\u00bbon\u00bb gutter_width=\u00bb2&#8243; _builder_version=\u00bb4.0.6&#8243; use_background_color_gradient=\u00bbon\u00bb background_color_gradient_start=\u00bbrgba(43,135,218,0)\u00bb background_color_gradient_end=\u00bbrgba(224,43,32,0.5)\u00bb background_color_gradient_start_position=\u00bb70%\u00bb background_color_gradient_end_position=\u00bb41%\u00bb width=\u00bb100%\u00bb max_width=\u00bb100%\u00bb custom_padding=\u00bb|50px||50px|false|true\u00bb][et_pb_column type=\u00bb1_4&#8243; _builder_version=\u00bb4.0.6&#8243;][et_pb_image src=\u00bbhttps:\/\/iluminacionesyservicios.com\/web\/wp-content\/uploads\/2020\/06\/ALUMBRADOS-2007-PUBLICOS-06.jpg\u00bb _builder_version=\u00bb4.0.6&#8243;][\/et_pb_image][\/et_pb_column][et_pb_column type=\u00bb1_4&#8243; _builder_version=\u00bb4.0.6&#8243;][et_pb_image src=\u00bbhttps:\/\/iluminacionesyservicios.com\/web\/wp-content\/uploads\/2020\/06\/ALUMBRADOS-2007-PUBLICOS-02.jpg\u00bb _builder_version=\u00bb4.0.6&#8243;][\/et_pb_image][\/et_pb_column][et_pb_column type=\u00bb1_4&#8243; _builder_version=\u00bb4.0.6&#8243;][et_pb_image src=\u00bbhttps:\/\/iluminacionesyservicios.com\/web\/wp-content\/uploads\/2020\/06\/ALUMBRADOS-2010-PUBLICOS-09.jpg\u00bb _builder_version=\u00bb4.0.6&#8243;][\/et_pb_image][\/et_pb_column][et_pb_column type=\u00bb1_4&#8243; _builder_version=\u00bb4.0.6&#8243;][et_pb_image src=\u00bbhttps:\/\/iluminacionesyservicios.com\/web\/wp-content\/uploads\/2020\/06\/ALUMBRADOS-2011-PUBLICOS-04.jpg\u00bb _builder_version=\u00bb4.0.6&#8243;][\/et_pb_image][\/et_pb_column][\/et_pb_row][\/et_pb_section]<\/p>\n","protected":false},"excerpt":{"rendered":"<p>ILUMINACIONES Y SERVICIOS SAS. con una amplia trayectoria en el campo de los Alumbrados Navide\u00f1os, reconocidos en diferentes zonas del pa\u00eds por la participaci\u00f3n directa e indirecta en el dise\u00f1o, fabricaci\u00f3n, alquiler, montaje y desmonte de decoraci\u00f3n navide\u00f1as en distintas localidades, en especial, la regi\u00f3n del eje cafetero con mayor participaci\u00f3n en Pereira, Manizales, Dosquebradas [&hellip;]<\/p>\n","protected":false},"author":1,"featured_media":0,"parent":0,"menu_order":0,"comment_status":"closed","ping_status":"closed","template":"","meta":{"_et_pb_use_builder":"on","_et_pb_old_content":"","_et_gb_content_width":"","_joinchat":[],"footnotes":""},"class_list":["post-4263","page","type-page","status-publish","hentry"],"_links":{"self":[{"href":"https:\/\/iluminacionesyservicios.com\/web\/wp-json\/wp\/v2\/pages\/4263","targetHints":{"allow":["GET"]}}],"collection":[{"href":"https:\/\/iluminacionesyservicios.com\/web\/wp-json\/wp\/v2\/pages"}],"about":[{"href":"https:\/\/iluminacionesyservicios.com\/web\/wp-json\/wp\/v2\/types\/page"}],"author":[{"embeddable":true,"href":"https:\/\/iluminacionesyservicios.com\/web\/wp-json\/wp\/v2\/users\/1"}],"replies":[{"embeddable":true,"href":"https:\/\/iluminacionesyservicios.com\/web\/wp-json\/wp\/v2\/comments?post=4263"}],"version-history":[{"count":49,"href":"https:\/\/iluminacionesyservicios.com\/web\/wp-json\/wp\/v2\/pages\/4263\/revisions"}],"predecessor-version":[{"id":6487,"href":"https:\/\/iluminacionesyservicios.com\/web\/wp-json\/wp\/v2\/pages\/4263\/revisions\/6487"}],"wp:attachment":[{"href":"https:\/\/iluminacionesyservicios.com\/web\/wp-json\/wp\/v2\/media?parent=4263"}],"curies":[{"name":"wp","href":"https:\/\/api.w.org\/{rel}","templated":true}]}}