{"id":3581,"date":"2020-06-09T00:16:58","date_gmt":"2020-06-09T00:16:58","guid":{"rendered":"https:\/\/iluminacionesyservicios.com\/web\/?page_id=3581"},"modified":"2024-08-06T11:18:58","modified_gmt":"2024-08-06T16:18:58","slug":"quienes-somos-2","status":"publish","type":"page","link":"https:\/\/iluminacionesyservicios.com\/web\/quienes-somos-2\/","title":{"rendered":"Quienes Somos"},"content":{"rendered":"<p>[et_pb_section fb_built=\u00bb1&#8243; _builder_version=\u00bb4.0.6&#8243; background_color=\u00bb#ffffff\u00bb custom_padding=\u00bb||16px|||\u00bb][et_pb_row column_structure=\u00bb1_3,2_3&#8243; _builder_version=\u00bb4.0.6&#8243;][et_pb_column type=\u00bb1_3&#8243; _builder_version=\u00bb4.0.6&#8243;][et_pb_image src=\u00bbhttps:\/\/iluminacionesyservicios.com\/web\/wp-content\/uploads\/2020\/08\/cuadro-empresa.jpg\u00bb align=\u00bbcenter\u00bb force_fullwidth=\u00bbon\u00bb _builder_version=\u00bb4.0.6&#8243;][\/et_pb_image][\/et_pb_column][et_pb_column type=\u00bb2_3&#8243; _builder_version=\u00bb4.0.6&#8243;][et_pb_text _builder_version=\u00bb4.0.6&#8243; text_font=\u00bb|700|||||||\u00bb text_text_color=\u00bb#000000&#8243; text_orientation=\u00bbjustified\u00bb custom_margin=\u00bb|||-18px||\u00bb]<\/p>\n<p>Iluminaciones y Servicios, asentada en la regi\u00f3n con facilidad de desplazamiento inmediato, amplia trayectoria en el campo de la ingenier\u00eda el\u00e9ctrica y afines, reconocidos en diferentes zonas del pa\u00eds por la participaci\u00f3n directa e indirecta en el dise\u00f1o, fabricaci\u00f3n, montaje y desmonte de decoraciones navide\u00f1as en distintas localidades, en especial la regi\u00f3n del eje cafetero con mayor participaci\u00f3n en Pereira y algunos municipios del Quind\u00edo y Norte del Valle, tenemos experiencia en dise\u00f1o, adecuaci\u00f3n, reparaci\u00f3n y mantenimiento relacionados con todo el ramo de la ingenier\u00eda el\u00e9ctrica; contamos con toda la infraestructura, log\u00edstica, capacidad, conocimiento, experiencia y alto sentido de responsabilidad, razones que consideramos de gran importancia para confiarnos la adecuaci\u00f3n y\/o mantenimiento de sus bienes muebles e inmuebles, relacionados con nuestro oficio.<\/p>\n<p>[\/et_pb_text][\/et_pb_column][\/et_pb_row][et_pb_row _builder_version=\u00bb4.0.6&#8243; custom_padding=\u00bb2px|||||\u00bb][et_pb_column type=\u00bb4_4&#8243; _builder_version=\u00bb4.0.6&#8243;][et_pb_text _builder_version=\u00bb4.0.6&#8243; text_font=\u00bb|700|||||||\u00bb text_text_color=\u00bb#000000&#8243;]<\/p>\n<p style=\"text-align: justify;\">Importancia para confiarnos la adecuaci\u00f3n y\/o mantenimiento de sus bienes muebles e inmuebles, relacionados con nuestro oficio.\u00a0<\/p>\n<p style=\"text-align: justify;\">Ahora aplicando los nuevos desarrollos en tecnolog\u00eda de luces, estamos incursionando en los trabajos de cableado estructurado, dise\u00f1o de iluminaci\u00f3n y suministro de materiales afines en interiores y exteriores. pensando en sus necesidades referentes a la iluminaci\u00f3n y decoraci\u00f3n navide\u00f1a; queremos ofrecerles el servicio de Dise\u00f1o, Montaje, Alquiler, desmonte, adecuaci\u00f3n, mantenimiento, delineados, venta de elementos de alta calidad y figuras decorativas, entre otras. Para estas actividades disponemos de los materiales de la m\u00e1s alta calidad Nacional e internacional en tecnolog\u00eda \u00a0led con mejor luminosidad y ahorro de energ\u00eda, personal altamente capacitado, honesto, confiable y responsable.<\/p>\n<p style=\"text-align: justify;\">Teniendo en cuenta nuestra infraestructura t\u00e9cnica y log\u00edstica en el campo de la ingenier\u00eda el\u00e9ctrica y en concordancia con nuestro prop\u00f3sito de disminuir costos de los oficios de mantenimiento y reparaci\u00f3n en los que tiene que incurrir algunas de las empresas asentadas en nuestra regi\u00f3n al tener que contratar mano de obra especializada para esta labor, o desplazar de otras regiones personal para atender estas tareas, nuestra empresa quiere ofrecerle la prestaci\u00f3n de estos servicios. &#8230;.<\/p>\n<p style=\"text-align: justify;\">Por nuestra ubicaci\u00f3n en todo el centro del eje cafetero nuestra oportunidad de atenci\u00f3n es inmediata o en su defecto podemos mantener los operarios en el \u00e1rea de ser necesario, en horario convenido.\u00a0<\/p>\n<p>[\/et_pb_text][\/et_pb_column][\/et_pb_row][et_pb_row _builder_version=\u00bb4.0.6&#8243;][et_pb_column type=\u00bb4_4&#8243; _builder_version=\u00bb4.0.6&#8243;][et_pb_image src=\u00bbhttps:\/\/iluminacionesyservicios.com\/web\/wp-content\/uploads\/2024\/08\/equipo-de-trabajo-iluminaciones-y-servicios.jpg\u00bb _builder_version=\u00bb4.0.6&#8243; custom_margin=\u00bb-39px|||||\u00bb hover_enabled=\u00bb0&#8243; align=\u00bbcenter\u00bb][\/et_pb_image][\/et_pb_column][\/et_pb_row][et_pb_row column_structure=\u00bb1_3,1_3,1_3&#8243; _builder_version=\u00bb4.0.6&#8243;][et_pb_column type=\u00bb1_3&#8243; _builder_version=\u00bb4.0.6&#8243;][et_pb_text _builder_version=\u00bb4.0.6&#8243; text_orientation=\u00bbcenter\u00bb]<\/p>\n<p>PROCESO INDUSTRIAL<\/p>\n<p>Realizamos l\u00edneas de producci\u00f3n en todos nuestros proyectos<\/p>\n<p>[\/et_pb_text][\/et_pb_column][et_pb_column type=\u00bb1_3&#8243; _builder_version=\u00bb4.0.6&#8243;][et_pb_text _builder_version=\u00bb4.0.6&#8243; text_orientation=\u00bbcenter\u00bb]<\/p>\n<p>PERSONAL T\u00c9CNICO<\/p>\n<p>Contamos con un personal altamente calificado en todas nuestras \u00e1reas<\/p>\n<p>[\/et_pb_text][\/et_pb_column][et_pb_column type=\u00bb1_3&#8243; _builder_version=\u00bb4.0.6&#8243;][et_pb_text _builder_version=\u00bb4.0.6&#8243; text_orientation=\u00bbcenter\u00bb]<\/p>\n<p>GENERACI\u00d3N DE EMPLEO<\/p>\n<p>Trabajamos con madres cabeza de hogar para el desarrollo de sus proyectos<\/p>\n<p>[\/et_pb_text][\/et_pb_column][\/et_pb_row][et_pb_row _builder_version=\u00bb4.0.6&#8243;][et_pb_column type=\u00bb4_4&#8243; _builder_version=\u00bb4.0.6&#8243;][et_pb_divider color=\u00bb#001457&#8243; divider_weight=\u00bb27px\u00bb _builder_version=\u00bb4.0.6&#8243;][\/et_pb_divider][\/et_pb_column][\/et_pb_row][et_pb_row column_structure=\u00bb1_2,1_2&#8243; _builder_version=\u00bb4.0.6&#8243;][et_pb_column type=\u00bb1_2&#8243; _builder_version=\u00bb4.0.6&#8243;][et_pb_blurb title=\u00bbMISI\u00d3N\u00bb image=\u00bbhttps:\/\/iluminacionesyservicios.com\/web\/wp-content\/uploads\/2020\/06\/alumbrado-navideno-2.jpg\u00bb _builder_version=\u00bb4.0.6&#8243; header_font=\u00bbGeorgia|||on|||||\u00bb header_text_color=\u00bb#7cda24&#8243; header_font_size=\u00bb25px\u00bb]<\/p>\n<p>Desarrollar proyectos de ingenier\u00eda en general e iluminaciones bajo la modalidad de contrataci\u00f3n, inspirados en un entorno de excelencia, calidad, cumplimiento y oportunidad para nuestros clientes. Buscando la rentabilidad y productividad que garantice nuestra permanencia en el mercado para el cumplimiento de la estrategia empresarial.<\/p>\n<p>[\/et_pb_blurb][\/et_pb_column][et_pb_column type=\u00bb1_2&#8243; _builder_version=\u00bb4.0.6&#8243;][et_pb_blurb title=\u00bbVISI\u00d3N\u00bb image=\u00bbhttps:\/\/iluminacionesyservicios.com\/web\/wp-content\/uploads\/2020\/06\/ALUMBRADOS-2008-PUBLICOS-01.jpg\u00bb _builder_version=\u00bb4.0.6&#8243; header_font=\u00bbGeorgia|||on|||||\u00bb header_text_color=\u00bb#7cda24&#8243; header_font_size=\u00bb25px\u00bb custom_padding=\u00bb||0px|||\u00bb]<\/p>\n<p>Iluminaciones y Servicios SAS ser\u00e1 la tercera empresa contratista de servicios de Ingenier\u00eda e iluminaciones en el pa\u00eds, participando en los pr\u00f3ximos a\u00f1os en el desarrollo de la infraestructura el\u00e9ctrica nacional y la contrataci\u00f3n p\u00fablica y privada con transparencia y responsabilidad.<\/p>\n<p>[\/et_pb_blurb][\/et_pb_column][\/et_pb_row][et_pb_row _builder_version=\u00bb4.0.6&#8243; custom_padding=\u00bb16px|||||\u00bb][et_pb_column type=\u00bb4_4&#8243; _builder_version=\u00bb4.0.6&#8243;][et_pb_text _builder_version=\u00bb4.0.6&#8243; text_font=\u00bbGeorgia|600||on|||||\u00bb text_text_color=\u00bb#7cda24&#8243; text_font_size=\u00bb22px\u00bb text_orientation=\u00bbcenter\u00bb]<\/p>\n<p>Instalaciones<\/p>\n<p>[\/et_pb_text][et_pb_gallery gallery_ids=\u00bb3606,3607,3608,3609&#8243; show_title_and_caption=\u00bboff\u00bb _builder_version=\u00bb4.0.6&#8243;][\/et_pb_gallery][\/et_pb_column][\/et_pb_row][\/et_pb_section][et_pb_section fb_built=\u00bb1&#8243; _builder_version=\u00bb4.0.6&#8243; custom_padding=\u00bb0px||24px|||\u00bb][et_pb_row _builder_version=\u00bb4.0.6&#8243;][et_pb_column type=\u00bb4_4&#8243; _builder_version=\u00bb4.0.6&#8243;][et_pb_text _builder_version=\u00bb4.0.6&#8243; text_font=\u00bbGeorgia|600||on|||||\u00bb text_text_color=\u00bb#331584&#8243; text_font_size=\u00bb22px\u00bb text_orientation=\u00bbcenter\u00bb]<\/p>\n<p>POL\u00cdTICAS DE CALIDAD<\/p>\n<p>[\/et_pb_text][et_pb_text _builder_version=\u00bb4.0.6&#8243;]<\/p>\n<p>ILUMINACIONES Y SERVICIOS S.A.S. se manifiesta mediante el firme compromiso con nuestros CLIENTES y partes interesadas pertinentes, a fin de satisfacer plenamente sus necesidades y expectativas, y el cumplimiento de los requisitos aplicables; para cumplir con esto, garantizamos impulsar una cultura basada en los principios de calidad, cumplimiento y responsabilidad, involucrando todo el recurso humano y comprometi\u00e9ndonos desde el m\u00e1s alto nivel de la organizaci\u00f3n, siempre en la mejora continua de nuestras operaciones y de nuestro sistema de gesti\u00f3n de calidad.<\/p>\n<p>En realizaci\u00f3n de la Misi\u00f3n, respetaremos permanentemente las siguientes aptitudes distintivas para satisfacer a nuestros clientes y partes interesadas pertinentes:<\/p>\n<ol>\n<li>Amabilidad en el servicio y agilidad de respuesta<\/li>\n<li>Innovaci\u00f3n practica y eficiencia en los procesos.<\/li>\n<li>Compromiso con las normas de calidad<\/li>\n<li>Labor asociativa y desarrollo integral de las personas<\/li>\n<li>Conocimiento pleno y asunci\u00f3n de las responsabilidades que implica cada cargo<\/li>\n<li>Identificaci\u00f3n en el sentido de relaci\u00f3n y pertenencia con la Empresa<\/li>\n<\/ol>\n<p>Aumentamos nuestra confiabilidad al aplicar los siguientes principios:<\/p>\n<ul>\n<li><strong>Comunicaci\u00f3n interna y externa: <\/strong>Comunicamos todo de manera sincera, sencilla, precisa, oportuna, clara y personalizada.<\/li>\n<\/ul>\n<ul>\n<li><strong>Creatividad e innovaci\u00f3n: <\/strong>Satisfacemos las necesidades y deseos de nuestros clientes, compa\u00f1eros, colaboradores y accionistas, para crear nuevas formas m\u00e1s rentables de operaci\u00f3n.<\/li>\n<\/ul>\n<ul>\n<li><strong>Cumplimiento: <\/strong>Entregamos lo acordado a tiempo, cumpliendo plenamente con las expectativas.<\/li>\n<\/ul>\n<ul>\n<li><strong>Calidad: <\/strong>Implementamos t\u00e9cnicas, procesos, materiales y equipo humano con los mejores est\u00e1ndares de calidad.<\/li>\n<\/ul>\n<ul>\n<li><strong>Responsabilidad:<\/strong>Todos los proyectos realizados cuentan con la importancia y nuestro total compromiso.<\/li>\n<\/ul>\n<p>[\/et_pb_text][\/et_pb_column][\/et_pb_row][\/et_pb_section]<\/p>\n","protected":false},"excerpt":{"rendered":"<p>Iluminaciones y Servicios, asentada en la regi\u00f3n con facilidad de desplazamiento inmediato, amplia trayectoria en el campo de la ingenier\u00eda el\u00e9ctrica y afines, reconocidos en diferentes zonas del pa\u00eds por la participaci\u00f3n directa e indirecta en el dise\u00f1o, fabricaci\u00f3n, montaje y desmonte de decoraciones navide\u00f1as en distintas localidades, en especial la regi\u00f3n del eje cafetero [&hellip;]<\/p>\n","protected":false},"author":1,"featured_media":0,"parent":0,"menu_order":0,"comment_status":"closed","ping_status":"closed","template":"","meta":{"_et_pb_use_builder":"on","_et_pb_old_content":"","_et_gb_content_width":"","_joinchat":[],"footnotes":""},"class_list":["post-3581","page","type-page","status-publish","hentry"],"_links":{"self":[{"href":"https:\/\/iluminacionesyservicios.com\/web\/wp-json\/wp\/v2\/pages\/3581","targetHints":{"allow":["GET"]}}],"collection":[{"href":"https:\/\/iluminacionesyservicios.com\/web\/wp-json\/wp\/v2\/pages"}],"about":[{"href":"https:\/\/iluminacionesyservicios.com\/web\/wp-json\/wp\/v2\/types\/page"}],"author":[{"embeddable":true,"href":"https:\/\/iluminacionesyservicios.com\/web\/wp-json\/wp\/v2\/users\/1"}],"replies":[{"embeddable":true,"href":"https:\/\/iluminacionesyservicios.com\/web\/wp-json\/wp\/v2\/comments?post=3581"}],"version-history":[{"count":22,"href":"https:\/\/iluminacionesyservicios.com\/web\/wp-json\/wp\/v2\/pages\/3581\/revisions"}],"predecessor-version":[{"id":6982,"href":"https:\/\/iluminacionesyservicios.com\/web\/wp-json\/wp\/v2\/pages\/3581\/revisions\/6982"}],"wp:attachment":[{"href":"https:\/\/iluminacionesyservicios.com\/web\/wp-json\/wp\/v2\/media?parent=3581"}],"curies":[{"name":"wp","href":"https:\/\/api.w.org\/{rel}","templated":true}]}}